{"id":148,"date":"2023-01-15T08:52:29","date_gmt":"2023-01-15T08:52:29","guid":{"rendered":"https:\/\/vidayvictoria.com\/?page_id=148"},"modified":"2023-01-22T06:16:26","modified_gmt":"2023-01-22T06:16:26","slug":"quienes-somos","status":"publish","type":"page","link":"https:\/\/vidayvictoria.com\/index.php\/quienes-somos\/","title":{"rendered":"\u00bfQui\u00e9nes Somos?"},"content":{"rendered":"\n<blockquote class=\"wp-block-quote has-text-align-center is-style-default\">\n<p><strong>Vida &amp; Victoria somos:<\/strong><\/p>\n<cite>Una comunidad de personas que buscan relacionarse con sus semejantes a trav\u00e9s de las ense\u00f1anzas de Jes\u00fas, buscando con ello alcanzar una mejor y trascendente oportunidad de vida que impacte a toda nuestra sociedad.<\/cite><\/blockquote>\n\n\n\n<hr class=\"wp-block-separator aligncenter has-alpha-channel-opacity is-style-dots\"\/>\n\n\n\n<div class=\"wp-block-cover aligncenter\"><span aria-hidden=\"true\" class=\"wp-block-cover__background has-background-dim\"><\/span><img decoding=\"async\" loading=\"lazy\" width=\"1024\" height=\"683\" class=\"wp-block-cover__image-background wp-image-196\" alt=\"\" src=\"https:\/\/vidayvictoria.com\/wp-content\/uploads\/2023\/01\/SAM_7013-1024x683.jpg\" data-object-fit=\"cover\" srcset=\"https:\/\/vidayvictoria.com\/wp-content\/uploads\/2023\/01\/SAM_7013-1024x683.jpg 1024w, https:\/\/vidayvictoria.com\/wp-content\/uploads\/2023\/01\/SAM_7013-300x200.jpg 300w, https:\/\/vidayvictoria.com\/wp-content\/uploads\/2023\/01\/SAM_7013-768x512.jpg 768w, https:\/\/vidayvictoria.com\/wp-content\/uploads\/2023\/01\/SAM_7013-1536x1024.jpg 1536w, https:\/\/vidayvictoria.com\/wp-content\/uploads\/2023\/01\/SAM_7013-2048x1365.jpg 2048w\" sizes=\"(max-width: 1024px) 100vw, 1024px\" \/><div class=\"wp-block-cover__inner-container\">\n<p class=\"has-text-align-center has-large-font-size\"><strong>Influenciar, alcanzar y transformar a nuestra sociedad<\/strong><\/p>\n<\/div><\/div>\n\n\n\n<hr class=\"wp-block-separator aligncenter has-alpha-channel-opacity is-style-dots\"\/>\n\n\n\n<blockquote class=\"wp-block-quote has-text-align-center\">\n<p><strong>Como:<\/strong><\/p>\n<cite>A trav\u00e9s de la edificaci\u00f3n de una gran comunidad o familia Cristo-c\u00e9ntrica, basada 100% en la Biblia, con la finalidad de cambiar mentalidades y romper paradigmas, que frenan, atan y degradan a nuestra sociedad.<\/cite><\/blockquote>\n\n\n\n<hr class=\"wp-block-separator aligncenter has-alpha-channel-opacity\"\/>\n\n\n\n<blockquote class=\"wp-block-quote has-text-align-center\">\n<p><strong>Nuestro objetivo es:<\/strong><\/p>\n<cite>Equipar a las personas para ser l\u00edderes influenciadores que impacten en todos los \u00e1mbitos de la sociedad y de sus vidas, replicando el modelo de Jes\u00fas en su d\u00eda a d\u00eda.<\/cite><\/blockquote>\n\n\n\n<hr class=\"wp-block-separator aligncenter has-alpha-channel-opacity\"\/>\n\n\n\n<blockquote class=\"wp-block-quote has-text-align-center\">\n<p><strong>Afirmamos que:<\/strong><\/p>\n<cite>Vida &amp; Victoria, no ha sido construida sobre las habilidades, los talentos y los dones de quienes la conforman, sino sobre la roca firme que es Jesucristo, pues solo \u00e9l, lo peque\u00f1o lo hace grande, donde hay poco lo multiplica en mucho, y de lo que no existe, forma grandes maravillas.<\/cite><\/blockquote>\n\n\n\n<hr class=\"wp-block-separator aligncenter has-alpha-channel-opacity\"\/>\n\n\n\n<blockquote class=\"wp-block-quote\">\n<p><strong>Nuestra visi\u00f3n<\/strong>:<\/p>\n<\/blockquote>\n\n\n\n<ul>\n<li><strong>Influenciar<\/strong>: Siendo sal y siendo luz<\/li>\n\n\n\n<li><strong>Alcanzar<\/strong>: A todos aquellos que necesiten de segundas oportunidades<\/li>\n\n\n\n<li><strong>Transformar<\/strong>: La vida y la sociedad<\/li>\n\n\n\n<li><strong>Comunidad<\/strong>: Hacer familia, amigos, hermanos<\/li>\n\n\n\n<li><strong>Edificar<\/strong>: Construir sensatamente sobre fundamentos solidos<\/li>\n\n\n\n<li><strong>Cambiar<\/strong>: Dar un nuevo rumbo con prop\u00f3sito<\/li>\n\n\n\n<li><strong>Equipar<\/strong>: Descubriendo tus talentos, habilidades y atributos<\/li>\n\n\n\n<li><strong>Forjar<\/strong>: Sacar lo mejor de cada persona, d\u00e1ndole solidez y prop\u00f3sito<\/li>\n\n\n\n<li><strong>Influenciar<\/strong>: Por nuestros frutos nos conocer\u00e1n<\/li>\n\n\n\n<li><strong>Impactar<\/strong>: Dar en el blanco, ser certeros<\/li>\n\n\n\n<li><strong>Modelo<\/strong>: El de Jes\u00fas<\/li>\n\n\n\n<li><strong>Jesucristo<\/strong>: Nuestro salvador<\/li>\n<\/ul>\n","protected":false},"excerpt":{"rendered":"<p>Vida &amp; Victoria somos: Una comunidad de personas que buscan relacionarse con sus semejantes a trav\u00e9s de las ense\u00f1anzas de Jes\u00fas, buscando con ello alcanzar una mejor y trascendente oportunidad de vida que impacte a toda nuestra sociedad. Como: A trav\u00e9s de la edificaci\u00f3n de una gran comunidad o familia Cristo-c\u00e9ntrica, basada 100% en la [&hellip;]<\/p>\n","protected":false},"author":1,"featured_media":0,"parent":0,"menu_order":0,"comment_status":"closed","ping_status":"closed","template":"","meta":{"om_disable_all_campaigns":false,"_mi_skip_tracking":false},"_links":{"self":[{"href":"https:\/\/vidayvictoria.com\/index.php\/wp-json\/wp\/v2\/pages\/148"}],"collection":[{"href":"https:\/\/vidayvictoria.com\/index.php\/wp-json\/wp\/v2\/pages"}],"about":[{"href":"https:\/\/vidayvictoria.com\/index.php\/wp-json\/wp\/v2\/types\/page"}],"author":[{"embeddable":true,"href":"https:\/\/vidayvictoria.com\/index.php\/wp-json\/wp\/v2\/users\/1"}],"replies":[{"embeddable":true,"href":"https:\/\/vidayvictoria.com\/index.php\/wp-json\/wp\/v2\/comments?post=148"}],"version-history":[{"count":9,"href":"https:\/\/vidayvictoria.com\/index.php\/wp-json\/wp\/v2\/pages\/148\/revisions"}],"predecessor-version":[{"id":200,"href":"https:\/\/vidayvictoria.com\/index.php\/wp-json\/wp\/v2\/pages\/148\/revisions\/200"}],"wp:attachment":[{"href":"https:\/\/vidayvictoria.com\/index.php\/wp-json\/wp\/v2\/media?parent=148"}],"curies":[{"name":"wp","href":"https:\/\/api.w.org\/{rel}","templated":true}]}}