{"id":162,"date":"2023-01-15T09:03:06","date_gmt":"2023-01-15T09:03:06","guid":{"rendered":"https:\/\/vidayvictoria.com\/?page_id=162"},"modified":"2023-01-22T06:08:39","modified_gmt":"2023-01-22T06:08:39","slug":"ubicacion","status":"publish","type":"page","link":"https:\/\/vidayvictoria.com\/index.php\/ubicacion\/","title":{"rendered":"Ubicaci\u00f3n"},"content":{"rendered":"\n<p><strong>\u00bfD\u00f3nde nos encontramos?<\/strong><\/p>\n\n\n\n<iframe align=\"CENTER\" src=\"https:\/\/www.google.com\/maps\/embed?pb=!1m18!1m12!1m3!1d3763.413577148508!2d-99.13945678467476!3d19.394528646921597!2m3!1f0!2f0!3f0!3m2!1i1024!2i768!4f13.1!3m3!1m2!1s0x85d1fefa536625c5%3A0xb48c48e77950f85a!2sVida%20y%20Victoria%20Iglesia%20%C2%AE!5e0!3m2!1ses-419!2smx!4v1673773364854!5m2!1ses-419!2smx\" width=\"600\" height=\"450\" style=\"border:0;\" allowfullscreen=\"\" loading=\"lazy\" referrerpolicy=\"no-referrer-when-downgrade\"><\/iframe>\n\n\n\n<p><strong>Horarios<\/strong><\/p>\n\n\n\n<blockquote class=\"wp-block-quote\">\n<p><strong>Actividades Dominicales<\/strong><\/p>\n<cite>09:00 Oraci\u00f3n | 09:30 Discipulado | 11:00 Reuni\u00f3n General<\/cite><\/blockquote>\n\n\n\n<hr class=\"wp-block-separator aligncenter has-alpha-channel-opacity\"\/>\n\n\n\n<blockquote class=\"wp-block-quote\">\n<p><strong>Actividades Mi\u00e9rcoles <\/strong><\/p>\n<cite>19:30 Reuni\u00f3n Media Semana<\/cite><\/blockquote>\n\n\n\n<hr class=\"wp-block-separator aligncenter has-alpha-channel-opacity\"\/>\n\n\n\n<blockquote class=\"wp-block-quote\">\n<p><strong>Actividades Especiales<\/strong><\/p>\n<cite>20:00 Casa de Oraci\u00f3n &#8211; \u00daltimo viernes de cada mes<\/cite><\/blockquote>\n\n\n\n<hr class=\"wp-block-separator aligncenter has-alpha-channel-opacity\"\/>\n\n\n\n<blockquote class=\"wp-block-quote\">\n<p><strong>Actividades en linea<\/strong><\/p>\n<cite>21:00 Todos los Martes &#8211; Mujeres en la Brecha<\/cite><\/blockquote>\n","protected":false},"excerpt":{"rendered":"<p>\u00bfD\u00f3nde nos encontramos? Horarios Actividades Dominicales 09:00 Oraci\u00f3n | 09:30 Discipulado | 11:00 Reuni\u00f3n General Actividades Mi\u00e9rcoles 19:30 Reuni\u00f3n Media Semana Actividades Especiales 20:00 Casa de Oraci\u00f3n &#8211; \u00daltimo viernes de cada mes Actividades en linea 21:00 Todos los Martes &#8211; Mujeres en la Brecha<\/p>\n","protected":false},"author":1,"featured_media":0,"parent":0,"menu_order":0,"comment_status":"closed","ping_status":"closed","template":"","meta":{"om_disable_all_campaigns":false,"_mi_skip_tracking":false},"_links":{"self":[{"href":"https:\/\/vidayvictoria.com\/index.php\/wp-json\/wp\/v2\/pages\/162"}],"collection":[{"href":"https:\/\/vidayvictoria.com\/index.php\/wp-json\/wp\/v2\/pages"}],"about":[{"href":"https:\/\/vidayvictoria.com\/index.php\/wp-json\/wp\/v2\/types\/page"}],"author":[{"embeddable":true,"href":"https:\/\/vidayvictoria.com\/index.php\/wp-json\/wp\/v2\/users\/1"}],"replies":[{"embeddable":true,"href":"https:\/\/vidayvictoria.com\/index.php\/wp-json\/wp\/v2\/comments?post=162"}],"version-history":[{"count":10,"href":"https:\/\/vidayvictoria.com\/index.php\/wp-json\/wp\/v2\/pages\/162\/revisions"}],"predecessor-version":[{"id":194,"href":"https:\/\/vidayvictoria.com\/index.php\/wp-json\/wp\/v2\/pages\/162\/revisions\/194"}],"wp:attachment":[{"href":"https:\/\/vidayvictoria.com\/index.php\/wp-json\/wp\/v2\/media?parent=162"}],"curies":[{"name":"wp","href":"https:\/\/api.w.org\/{rel}","templated":true}]}}